{"id":134,"date":"2020-11-03T10:18:07","date_gmt":"2020-11-03T09:18:07","guid":{"rendered":"http:\/\/vum-miller.mwd-dev.lu\/product\/krautermischung\/"},"modified":"2026-04-02T08:42:41","modified_gmt":"2026-04-02T06:42:41","slug":"krautermischung","status":"publish","type":"product","link":"https:\/\/vum-miller.lu\/de\/product\/krautermischung\/","title":{"rendered":"Bio Kr\u00e4utersenf"},"content":{"rendered":"<p>Kaltgemahlener Senf mit einem Schuss Kr\u00e4utermischung<br \/>\naus 100% biologischem Anbau<br \/>\nDie gesamte Produktion von diesem Senf l\u00e4uft bei uns auf dem Hofe ab.<br \/>\nOhne Zusatz von Aromastoffen, Farbstoffen, Geschmacksverst\u00e4rkern oder S\u00fc\u00dfstoffen.<\/p>","protected":false},"excerpt":{"rendered":"<p>aus Bastendorf<\/p>\n","protected":false},"featured_media":419,"template":"","meta":[],"product_cat":[15],"product_tag":[],"acf":[],"_links":{"self":[{"href":"https:\/\/vum-miller.lu\/de\/wp-json\/wp\/v2\/product\/134"}],"collection":[{"href":"https:\/\/vum-miller.lu\/de\/wp-json\/wp\/v2\/product"}],"about":[{"href":"https:\/\/vum-miller.lu\/de\/wp-json\/wp\/v2\/types\/product"}],"wp:featuredmedia":[{"embeddable":true,"href":"https:\/\/vum-miller.lu\/de\/wp-json\/wp\/v2\/media\/419"}],"wp:attachment":[{"href":"https:\/\/vum-miller.lu\/de\/wp-json\/wp\/v2\/media?parent=134"}],"wp:term":[{"taxonomy":"product_cat","embeddable":true,"href":"https:\/\/vum-miller.lu\/de\/wp-json\/wp\/v2\/product_cat?post=134"},{"taxonomy":"product_tag","embeddable":true,"href":"https:\/\/vum-miller.lu\/de\/wp-json\/wp\/v2\/product_tag?post=134"}],"curies":[{"name":"wp","href":"https:\/\/api.w.org\/{rel}","templated":true}]}}