{"id":243,"date":"2020-11-24T07:43:28","date_gmt":"2020-11-24T06:43:28","guid":{"rendered":"http:\/\/vum-miller.mwd-dev.lu\/?post_type=product&#038;p=243"},"modified":"2026-04-02T08:42:17","modified_gmt":"2026-04-02T06:42:17","slug":"bio-kichemoschter","status":"publish","type":"product","link":"https:\/\/vum-miller.lu\/de\/product\/bio-kichemoschter\/","title":{"rendered":"Bio K\u00fcchensenf"},"content":{"rendered":"<p>Kaltgemahlener Senf<br \/>\naus 100% biologischem Anbau<br \/>\nDie gesamte Produktion von diesem Senf l\u00e4uft bei uns auf dem Hofe ab.<br \/>\nOhne Zusatz von Aromastoffen, Farbstoffen, Geschmacksverst\u00e4rkern oder S\u00fc\u00dfstoffen.<\/p>","protected":false},"excerpt":{"rendered":"<p>aus Bastendorf<\/p>\n","protected":false},"featured_media":418,"template":"","meta":[],"product_cat":[15],"product_tag":[],"acf":[],"_links":{"self":[{"href":"https:\/\/vum-miller.lu\/de\/wp-json\/wp\/v2\/product\/243"}],"collection":[{"href":"https:\/\/vum-miller.lu\/de\/wp-json\/wp\/v2\/product"}],"about":[{"href":"https:\/\/vum-miller.lu\/de\/wp-json\/wp\/v2\/types\/product"}],"wp:featuredmedia":[{"embeddable":true,"href":"https:\/\/vum-miller.lu\/de\/wp-json\/wp\/v2\/media\/418"}],"wp:attachment":[{"href":"https:\/\/vum-miller.lu\/de\/wp-json\/wp\/v2\/media?parent=243"}],"wp:term":[{"taxonomy":"product_cat","embeddable":true,"href":"https:\/\/vum-miller.lu\/de\/wp-json\/wp\/v2\/product_cat?post=243"},{"taxonomy":"product_tag","embeddable":true,"href":"https:\/\/vum-miller.lu\/de\/wp-json\/wp\/v2\/product_tag?post=243"}],"curies":[{"name":"wp","href":"https:\/\/api.w.org\/{rel}","templated":true}]}}