{"id":407,"date":"2026-02-13T17:37:38","date_gmt":"2026-02-13T16:37:38","guid":{"rendered":"https:\/\/vum-miller.lu\/?post_type=product&#038;p=407"},"modified":"2026-04-02T08:41:52","modified_gmt":"2026-04-02T06:41:52","slug":"bio-ness-moschter","status":"publish","type":"product","link":"https:\/\/vum-miller.lu\/de\/product\/bio-ness-moschter\/","title":{"rendered":"Bio Nuss Senf"},"content":{"rendered":"<p>Kaltgemahlener Senf aus biologischem Anbau mit Waln\u00fcssen<br \/>\naus 100% biologischem Anbau<br \/>\nDie gesamte Produktion von diesem Senf l\u00e4uft bei uns auf dem Hofe ab.<br \/>\nOhne Zusatz von Aromastoffen, Farbstoffen, Geschmacksverst\u00e4rkern oder S\u00fc\u00dfstoffen.<\/p>","protected":false},"excerpt":{"rendered":"<p>aus Bastendorf<\/p>\n","protected":false},"featured_media":420,"template":"","meta":[],"product_cat":[15],"product_tag":[],"acf":[],"_links":{"self":[{"href":"https:\/\/vum-miller.lu\/de\/wp-json\/wp\/v2\/product\/407"}],"collection":[{"href":"https:\/\/vum-miller.lu\/de\/wp-json\/wp\/v2\/product"}],"about":[{"href":"https:\/\/vum-miller.lu\/de\/wp-json\/wp\/v2\/types\/product"}],"wp:featuredmedia":[{"embeddable":true,"href":"https:\/\/vum-miller.lu\/de\/wp-json\/wp\/v2\/media\/420"}],"wp:attachment":[{"href":"https:\/\/vum-miller.lu\/de\/wp-json\/wp\/v2\/media?parent=407"}],"wp:term":[{"taxonomy":"product_cat","embeddable":true,"href":"https:\/\/vum-miller.lu\/de\/wp-json\/wp\/v2\/product_cat?post=407"},{"taxonomy":"product_tag","embeddable":true,"href":"https:\/\/vum-miller.lu\/de\/wp-json\/wp\/v2\/product_tag?post=407"}],"curies":[{"name":"wp","href":"https:\/\/api.w.org\/{rel}","templated":true}]}}