{"id":408,"date":"2026-02-13T17:43:11","date_gmt":"2026-02-13T16:43:11","guid":{"rendered":"https:\/\/vum-miller.lu\/?post_type=product&#038;p=408"},"modified":"2026-04-02T08:41:24","modified_gmt":"2026-04-02T06:41:24","slug":"bio-hunneg-moschter","status":"publish","type":"product","link":"https:\/\/vum-miller.lu\/de\/product\/bio-hunneg-moschter\/","title":{"rendered":"Bio Honig Senf"},"content":{"rendered":"<p>Kaltgemahlener Senf mit Honig aus 100% biologischem Anbau<br \/>\naus 100% biologischem Anbau<br \/>\nDie gesamte Produktion von diesem Senf l\u00e4uft bei uns auf dem Hofe ab.<br \/>\nOhne Zusatz von Aromastoffen, Farbstoffen, Geschmacksverst\u00e4rkern oder S\u00fc\u00dfstoffen.<\/p>","protected":false},"excerpt":{"rendered":"<p>aus Bastendorf<\/p>\n","protected":false},"featured_media":417,"template":"","meta":[],"product_cat":[15],"product_tag":[],"acf":[],"_links":{"self":[{"href":"https:\/\/vum-miller.lu\/de\/wp-json\/wp\/v2\/product\/408"}],"collection":[{"href":"https:\/\/vum-miller.lu\/de\/wp-json\/wp\/v2\/product"}],"about":[{"href":"https:\/\/vum-miller.lu\/de\/wp-json\/wp\/v2\/types\/product"}],"wp:featuredmedia":[{"embeddable":true,"href":"https:\/\/vum-miller.lu\/de\/wp-json\/wp\/v2\/media\/417"}],"wp:attachment":[{"href":"https:\/\/vum-miller.lu\/de\/wp-json\/wp\/v2\/media?parent=408"}],"wp:term":[{"taxonomy":"product_cat","embeddable":true,"href":"https:\/\/vum-miller.lu\/de\/wp-json\/wp\/v2\/product_cat?post=408"},{"taxonomy":"product_tag","embeddable":true,"href":"https:\/\/vum-miller.lu\/de\/wp-json\/wp\/v2\/product_tag?post=408"}],"curies":[{"name":"wp","href":"https:\/\/api.w.org\/{rel}","templated":true}]}}