{"id":133,"date":"2020-11-03T10:18:03","date_gmt":"2020-11-03T09:18:03","guid":{"rendered":"http:\/\/vum-miller.mwd-dev.lu\/product\/import-placeholder-for-8\/"},"modified":"2026-04-02T08:43:01","modified_gmt":"2026-04-02T06:43:01","slug":"senf-mittelscharf","status":"publish","type":"product","link":"https:\/\/vum-miller.lu\/fr\/product\/senf-mittelscharf\/","title":{"rendered":"Moutarde forte bio"},"content":{"rendered":"<p>broy\u00e9e \u00e0 froid avec une pointe de piquant<br \/>\nissue de l\u2019agriculture \u00e0 100% biologique<br \/>\ntoute la production de la moutarde a lieu dans notre exploitation familiale.<br \/>\nSans addition d&rsquo;ar\u00f4mes artificiels, colorants, exhausteurs de go\u00fbt, ni \u00e9dulcorants.<br \/>\nRecette tradionnelle avec verjus au lieu de vinaigre.<\/p>","protected":false},"excerpt":{"rendered":"<p>de Bastendorf<\/p>\n","protected":false},"featured_media":421,"template":"","meta":[],"product_cat":[15],"product_tag":[],"acf":[],"_links":{"self":[{"href":"https:\/\/vum-miller.lu\/fr\/wp-json\/wp\/v2\/product\/133"}],"collection":[{"href":"https:\/\/vum-miller.lu\/fr\/wp-json\/wp\/v2\/product"}],"about":[{"href":"https:\/\/vum-miller.lu\/fr\/wp-json\/wp\/v2\/types\/product"}],"wp:featuredmedia":[{"embeddable":true,"href":"https:\/\/vum-miller.lu\/fr\/wp-json\/wp\/v2\/media\/421"}],"wp:attachment":[{"href":"https:\/\/vum-miller.lu\/fr\/wp-json\/wp\/v2\/media?parent=133"}],"wp:term":[{"taxonomy":"product_cat","embeddable":true,"href":"https:\/\/vum-miller.lu\/fr\/wp-json\/wp\/v2\/product_cat?post=133"},{"taxonomy":"product_tag","embeddable":true,"href":"https:\/\/vum-miller.lu\/fr\/wp-json\/wp\/v2\/product_tag?post=133"}],"curies":[{"name":"wp","href":"https:\/\/api.w.org\/{rel}","templated":true}]}}