{"id":410,"date":"2026-02-12T07:14:48","date_gmt":"2026-02-12T06:14:48","guid":{"rendered":"https:\/\/vum-miller.lu\/?post_type=product&#038;p=410"},"modified":"2026-02-19T15:38:24","modified_gmt":"2026-02-19T14:38:24","slug":"bio-bounen-borlotti","status":"publish","type":"product","link":"https:\/\/vum-miller.lu\/fr\/product\/bio-bounen-borlotti\/","title":{"rendered":"Haricots Borlotti bio"},"content":{"rendered":"<p>issue de l\u2019agriculture \u00e0 100% biologique<br \/>\nSans addition d&rsquo;ar\u00f4mes artificiels, colorants, exhausteurs de go\u00fbt, ni \u00e9dulcorants.<\/p>","protected":false},"excerpt":{"rendered":"<p>de Bastendorf<\/p>\n","protected":false},"featured_media":413,"template":"","meta":[],"product_cat":[15],"product_tag":[],"acf":[],"_links":{"self":[{"href":"https:\/\/vum-miller.lu\/fr\/wp-json\/wp\/v2\/product\/410"}],"collection":[{"href":"https:\/\/vum-miller.lu\/fr\/wp-json\/wp\/v2\/product"}],"about":[{"href":"https:\/\/vum-miller.lu\/fr\/wp-json\/wp\/v2\/types\/product"}],"wp:featuredmedia":[{"embeddable":true,"href":"https:\/\/vum-miller.lu\/fr\/wp-json\/wp\/v2\/media\/413"}],"wp:attachment":[{"href":"https:\/\/vum-miller.lu\/fr\/wp-json\/wp\/v2\/media?parent=410"}],"wp:term":[{"taxonomy":"product_cat","embeddable":true,"href":"https:\/\/vum-miller.lu\/fr\/wp-json\/wp\/v2\/product_cat?post=410"},{"taxonomy":"product_tag","embeddable":true,"href":"https:\/\/vum-miller.lu\/fr\/wp-json\/wp\/v2\/product_tag?post=410"}],"curies":[{"name":"wp","href":"https:\/\/api.w.org\/{rel}","templated":true}]}}